{"id":4278,"date":"2019-05-02T08:11:13","date_gmt":"2019-05-02T08:11:13","guid":{"rendered":"https:\/\/salarich.paginaswebbarcelona.es\/politica-de-cookies\/"},"modified":"2019-05-02T15:16:16","modified_gmt":"2019-05-02T15:16:16","slug":"politica-de-cookies","status":"publish","type":"page","link":"https:\/\/www.salarich.net\/es\/politica-de-cookies\/","title":{"rendered":"Pol\u00edtica de cookies"},"content":{"rendered":"<div class=\"wpb-content-wrapper\"><p>[vc_row el_class=\u00bbcookies\u00bb][vc_column][vc_column_text]Salarich recopila y almacena tus datos como se explica en la pol\u00edtica de privacidad. Una de las formas en que recoge la informaci\u00f3n es a trav\u00e9s del uso de cookies.<\/p>\n<p class=\"margin-legal\"><strong>\u00bfQu\u00e9 es una cookie?<\/strong><\/p>\n<p>Es un archivo de texto peque\u00f1o que se almacena en tu navegador y recoge informaci\u00f3n sobre tus preferencias y pautas de navegaci\u00f3n.<\/p>\n<p class=\"margin-legal\"><strong>\u00bfQu\u00e9 NO es una cookie?<\/strong><\/p>\n<p>No es un virus, ni un troyano, ni un gusano, ni un spam, ni un spyware, entre otros.<\/p>\n<p>Existen tipos de malware que a menudo se camuflan como un software leg\u00edtimo, los cuales se pueden emplear para intentar acceder a los sistemas de los usuarios de forma ilegal. Una vez activados, pueden permitir espiarte, robar tus datos confidenciales y obtener acceso por una puerta trasera a tu sistema.<\/p>\n<p class=\"margin-legal\"><strong>\u00bfQu\u00e9 informaci\u00f3n almacena una cookie?<\/strong><\/p>\n<p>Los datos que almacenan las cookies son de car\u00e1cter t\u00e9cnico y estad\u00edstico, es decir, no suelen almacenar informaci\u00f3n sensible para el usuario, como datos bancarios o fotograf\u00edas familiares.<\/p>\n<p>El servidor web no te asocia a ti como persona sino a tus preferencias y pautas de navegaci\u00f3n, es por tanto una asociaci\u00f3n an\u00f3nima. De hecho, si pruebas un navegador diferente al que usas de manera habitual, \u00e9ste no te reconocer\u00e1 como persona ya que est\u00e1 relacionado con los datos de navegaci\u00f3n y no con la persona que navega.<\/p>\n<p class=\"margin-legal\"><strong>\u00bfQu\u00e9 tipo de cookies existen?<\/strong><\/p>\n<ul>\n<li><strong>Cookies t\u00e9cnicas:<\/strong> son aquellas imprescindibles y estrictamente necesarias para el correcto funcionamiento de un portal Web y la utilizaci\u00f3n de las diferentes opciones y servicios que ofrece. Por ejemplo, las que sirven para el mantenimiento de la sesi\u00f3n, la gesti\u00f3n del tiempo de respuesta, rendimiento o validaci\u00f3n de opciones, utilizar elementos de seguridad, compartir contenido con redes sociales, entre otros.<\/li>\n<li><strong>Cookies de personalizaci\u00f3n:<\/strong> estas cookies permiten al usuario especificar o personalizar algunas caracter\u00edsticas de las opciones generales de la p\u00e1gina Web, Por ejemplo, definir el idioma, configuraci\u00f3n regional o tipo de navegador.<\/li>\n<li><strong>Cookies anal\u00edticas:<\/strong> son las utilizadas por nuestros portales Web, para elaborar perfiles de navegaci\u00f3n y poder conocer las preferencias de los usuarios del mismo con el fin de mejorar la oferta de productos y servicios. Por ejemplo, mediante una cookie anal\u00edtica se controlar\u00edan las \u00e1reas geogr\u00e1ficas de mayor inter\u00e9s de un usuario, cu\u00e1l es el producto de m\u00e1s aceptaci\u00f3n, entre otros.<\/li>\n<li><strong>Cookies publicitarias:<\/strong> permiten a trav\u00e9s de la gesti\u00f3n de la publicidad almacenar informaci\u00f3n del comportamiento mediante la observaci\u00f3n de h\u00e1bitos, estudiando los accesos y formando un perfil de preferencias del usuario, para ofrecerle publicidad relacionada con los intereses de su perfil.<\/li>\n<\/ul>\n<p class=\"margin-legal\"><strong>\u00bfQu\u00e9 son las cookies propias y las de terceros?<\/strong><\/p>\n<p>Las cookies propias son las generadas por la p\u00e1gina que est\u00e1s visitando y las cookies de terceros son las generadas por servicios o proveedores externos a esa p\u00e1gina.<\/p>\n<p class=\"margin-legal\"><strong>\u00bfQu\u00e9 cookies utiliza esta web y para qu\u00e9?<\/strong><\/p>\n<p>Esta web utiliza cookies propias y de terceros. En concreto, se utilizan las cookies que se detallan a continuaci\u00f3n:<\/p>\n<p class=\"margin-legal\"><strong>Cookies propias<\/strong><\/p>\n<p>\u00b7 Personalizaci\u00f3n: recopila informaci\u00f3n de las personas o sitios web con quien has interactuado, para que pueda mostrarte contenido relacionado.<\/p>\n<p>\u00b7 Preferencias: permiten recordar tus ajustes y preferencias, como el idioma y la configuraci\u00f3n de privacidad.<\/p>\n<ul>\n<li>Seguridad: evita riesgos de seguridad.<\/li>\n<\/ul>\n<p class=\"margin-legal\"><strong>Cookies de terceros<\/strong><\/p>\n<p>Esta web, como la mayor\u00eda de sitios web, incluye funcionalidades proporcionadas por terceros.<\/p>\n<p>Entre las cookies de terceros m\u00e1s estables se encuentran:<\/p>\n<p>\u00b7 Las generadas por servicios de an\u00e1lisis: concretamente, Google Analytics para ayudar al website a analizar el uso que hacen los Usuarios del sitio web y mejorar la usabilidad del mismo. Pero en ning\u00fan caso se asocian a datos que pudieran llegar a identificar al usuario.<\/p>\n<p>\u00b7 Google Analytics, es un servicio de anal\u00edtica web prestado por Google, Inc. Si lo deseas, puedes consultar el <a href=\"https:\/\/policies.google.com\/technologies\/types?hl=es\" target=\"_blank\" rel=\"noopener noreferrer\"> tipo de cookies utilizadas por Google <\/a> .<\/p>\n<p>\u00b7 Tambi\u00e9n se utilizan plataformas como YouTube y Vimeo: para incluir videos en esta web (aqu\u00ed la <a href=\"https:\/\/www.google.es\/intl\/es\/policies\/privacy\/\" target=\"_blank\" rel=\"noopener noreferrer\"> Pol\u00edtica de Privacidad de Youtube <\/a> y de <a href=\"https:\/\/vimeo.com\/privacy\" target=\"_blank\" rel=\"noopener noreferrer\">Vimeo<\/a>).<\/p>\n<p class=\"margin-legal\"><strong>Esta web no utiliza cookies para:<\/strong><\/p>\n<p>\u00b7 Almacenar informaci\u00f3n sensible de identificaci\u00f3n personal como contrase\u00f1as o datos bancarios<\/p>\n<p>\u00b7 Compartir o ceder datos de identificaci\u00f3n personal a terceros de forma il\u00edcita, es decir, sin tu conocimiento y autorizaci\u00f3n.<\/p>\n<p>\u00b7 Esta web siempre requiere tu consentimiento para utilizar cookies.<\/p>\n<p>\u00b7 En ning\u00fan caso, ni el responsable de esta web ni ninguna persona con acceso a ella, pueden obtener informaci\u00f3n personal identificable de estas cookies.<\/p>\n<p class=\"margin-legal\"><strong>\u00bfSe pueden eliminar las cookies?<\/strong><\/p>\n<p>S\u00ed, y no s\u00f3lo eliminar, tambi\u00e9n se pueden bloquear, de forma general o particular para un dominio espec\u00edfico. Para eliminar las cookies de un sitio web debes ir a la configuraci\u00f3n de tu navegador y all\u00ed podr\u00e1s buscar las asociadas al dominio en cuesti\u00f3n y proceder a su eliminaci\u00f3n. Ten en cuenta que tendr\u00e1s que adaptar por separado la configuraci\u00f3n de cada navegador y equipo que utilices.<\/p>\n<p>Para los usuarios que quieran impedir la instalaci\u00f3n de las mencionadas cookies, te facilitamos los enlaces al efecto por los navegadores cuyo uso se considera m\u00e1s extendido:<\/p>\n<ul>\n<li><a href=\"http:\/\/support.google.com\/chrome\/bin\/answer.py?hl=es-419&amp;answer=95647\" target=\"_blank\" rel=\"noopener noreferrer\">Google Chrome <\/a><\/li>\n<li><a href=\"http:\/\/windows.microsoft.com\/es-xl\/internet-explorer\/delete-manage-cookies\" target=\"_blank\" rel=\"noopener noreferrer\">Internet Explorer <\/a><\/li>\n<li><a href=\"http:\/\/support.mozilla.org\/es\/kb\/habilitar-y-deshabilitar-cookies-que-los-sitios-we\" target=\"_blank\" rel=\"noopener noreferrer\">Mozilla Firefox <\/a><\/li>\n<li><a href=\"http:\/\/support.apple.com\/kb\/HT1677?viewlocale=es_ES%20%97%20http:\/\/support.apple.com\/kb\/ph5042\" target=\"_blank\" rel=\"noopener noreferrer\">Safari <\/a><\/li>\n<\/ul>\n<p class=\"margin-legal\"><strong>M\u00e1s informaci\u00f3n sobre las cookies<\/strong><\/p>\n<p>Si tienes alguna otra duda, puedes consultar el reglamento sobre cookies publicado por la Agencia Espa\u00f1ola de Protecci\u00f3n de Datos en su <a href=\"http:\/\/www.interior.gob.es\/documents\/10180\/13073\/Guia_Cookies.pdf\/7c72c988-1e55-42b5-aeee-f7c46a319903\" target=\"_blank\" rel=\"noopener noreferrer\"> Gu\u00eda sobre el uso de las cookies <\/a> y obtener m\u00e1s informaci\u00f3n en Internet en <a href=\"http:\/\/www.aboutcookies.org\/\" target=\"_blank\" rel=\"noopener noreferrer\">aboutcookies.org<\/a>.<\/p>\n<p>Para tener un mayor control sobre la instalaci\u00f3n de cookies, puedes instalar programas o complementos en tu navegador, conocidos como herramientas de \u201cDo Not Track\u201d, que te permitir\u00e1n escoger aquellas cookies que deseas permitir y bloquear el acceso a las que no consideres convenientes.[\/vc_column_text][\/vc_column][\/vc_row]<\/p>\n<\/div>","protected":false},"excerpt":{"rendered":"<p>[vc_row el_class=\u00bbcookies\u00bb][vc_column][vc_column_text]Salarich recopila y almacena tus datos como se explica en la pol\u00edtica de privacidad. Una de las formas en que recoge la informaci\u00f3n es a trav\u00e9s del uso de cookies. \u00bfQu\u00e9 es una cookie? Es un archivo de texto peque\u00f1o que se almacena en tu navegador y recoge informaci\u00f3n sobre tus preferencias y pautas [&hellip;]<\/p>\n","protected":false},"author":1,"featured_media":0,"parent":0,"menu_order":0,"comment_status":"closed","ping_status":"closed","template":"","meta":{"_acf_changed":false,"footnotes":""},"class_list":["post-4278","page","type-page","status-publish","hentry"],"acf":[],"yoast_head":"<!-- This site is optimized with the Yoast SEO plugin v23.1 - https:\/\/yoast.com\/wordpress\/plugins\/seo\/ -->\n<title>Pol\u00edtica de cookies<\/title>\n<meta name=\"robots\" content=\"index, follow, max-snippet:-1, max-image-preview:large, max-video-preview:-1\" \/>\n<link rel=\"canonical\" href=\"https:\/\/www.salarich.net\/es\/politica-de-cookies\/\" \/>\n<meta name=\"twitter:label1\" content=\"Tiempo de lectura\" \/>\n\t<meta name=\"twitter:data1\" content=\"5 minutos\" \/>\n<script type=\"application\/ld+json\" class=\"yoast-schema-graph\">{\"@context\":\"https:\/\/schema.org\",\"@graph\":[{\"@type\":\"WebPage\",\"@id\":\"https:\/\/www.salarich.net\/es\/politica-de-cookies\/\",\"url\":\"https:\/\/www.salarich.net\/es\/politica-de-cookies\/\",\"name\":\"Pol\u00edtica de cookies\",\"isPartOf\":{\"@id\":\"https:\/\/www.salarich.net\/#website\"},\"datePublished\":\"2019-05-02T08:11:13+00:00\",\"dateModified\":\"2019-05-02T15:16:16+00:00\",\"breadcrumb\":{\"@id\":\"https:\/\/www.salarich.net\/es\/politica-de-cookies\/#breadcrumb\"},\"inLanguage\":\"es\",\"potentialAction\":[{\"@type\":\"ReadAction\",\"target\":[\"https:\/\/www.salarich.net\/es\/politica-de-cookies\/\"]}]},{\"@type\":\"BreadcrumbList\",\"@id\":\"https:\/\/www.salarich.net\/es\/politica-de-cookies\/#breadcrumb\",\"itemListElement\":[{\"@type\":\"ListItem\",\"position\":1,\"name\":\"Portada\",\"item\":\"https:\/\/www.salarich.net\/es\/\"},{\"@type\":\"ListItem\",\"position\":2,\"name\":\"Pol\u00edtica de cookies\"}]},{\"@type\":\"WebSite\",\"@id\":\"https:\/\/www.salarich.net\/#website\",\"url\":\"https:\/\/www.salarich.net\/\",\"name\":\"Salarich\",\"description\":\"\",\"publisher\":{\"@id\":\"https:\/\/www.salarich.net\/#organization\"},\"potentialAction\":[{\"@type\":\"SearchAction\",\"target\":{\"@type\":\"EntryPoint\",\"urlTemplate\":\"https:\/\/www.salarich.net\/?s={search_term_string}\"},\"query-input\":\"required name=search_term_string\"}],\"inLanguage\":\"es\"},{\"@type\":\"Organization\",\"@id\":\"https:\/\/www.salarich.net\/#organization\",\"name\":\"Salarich - Serveis Immobiliaris\",\"url\":\"https:\/\/www.salarich.net\/\",\"logo\":{\"@type\":\"ImageObject\",\"inLanguage\":\"es\",\"@id\":\"https:\/\/www.salarich.net\/#\/schema\/logo\/image\/\",\"url\":\"\",\"contentUrl\":\"\",\"caption\":\"Salarich - Serveis Immobiliaris\"},\"image\":{\"@id\":\"https:\/\/www.salarich.net\/#\/schema\/logo\/image\/\"}}]}<\/script>\n<!-- \/ Yoast SEO plugin. -->","yoast_head_json":{"title":"Pol\u00edtica de cookies","robots":{"index":"index","follow":"follow","max-snippet":"max-snippet:-1","max-image-preview":"max-image-preview:large","max-video-preview":"max-video-preview:-1"},"canonical":"https:\/\/www.salarich.net\/es\/politica-de-cookies\/","twitter_misc":{"Tiempo de lectura":"5 minutos"},"schema":{"@context":"https:\/\/schema.org","@graph":[{"@type":"WebPage","@id":"https:\/\/www.salarich.net\/es\/politica-de-cookies\/","url":"https:\/\/www.salarich.net\/es\/politica-de-cookies\/","name":"Pol\u00edtica de cookies","isPartOf":{"@id":"https:\/\/www.salarich.net\/#website"},"datePublished":"2019-05-02T08:11:13+00:00","dateModified":"2019-05-02T15:16:16+00:00","breadcrumb":{"@id":"https:\/\/www.salarich.net\/es\/politica-de-cookies\/#breadcrumb"},"inLanguage":"es","potentialAction":[{"@type":"ReadAction","target":["https:\/\/www.salarich.net\/es\/politica-de-cookies\/"]}]},{"@type":"BreadcrumbList","@id":"https:\/\/www.salarich.net\/es\/politica-de-cookies\/#breadcrumb","itemListElement":[{"@type":"ListItem","position":1,"name":"Portada","item":"https:\/\/www.salarich.net\/es\/"},{"@type":"ListItem","position":2,"name":"Pol\u00edtica de cookies"}]},{"@type":"WebSite","@id":"https:\/\/www.salarich.net\/#website","url":"https:\/\/www.salarich.net\/","name":"Salarich","description":"","publisher":{"@id":"https:\/\/www.salarich.net\/#organization"},"potentialAction":[{"@type":"SearchAction","target":{"@type":"EntryPoint","urlTemplate":"https:\/\/www.salarich.net\/?s={search_term_string}"},"query-input":"required name=search_term_string"}],"inLanguage":"es"},{"@type":"Organization","@id":"https:\/\/www.salarich.net\/#organization","name":"Salarich - Serveis Immobiliaris","url":"https:\/\/www.salarich.net\/","logo":{"@type":"ImageObject","inLanguage":"es","@id":"https:\/\/www.salarich.net\/#\/schema\/logo\/image\/","url":"","contentUrl":"","caption":"Salarich - Serveis Immobiliaris"},"image":{"@id":"https:\/\/www.salarich.net\/#\/schema\/logo\/image\/"}}]}},"_links":{"self":[{"href":"https:\/\/www.salarich.net\/es\/wp-json\/wp\/v2\/pages\/4278"}],"collection":[{"href":"https:\/\/www.salarich.net\/es\/wp-json\/wp\/v2\/pages"}],"about":[{"href":"https:\/\/www.salarich.net\/es\/wp-json\/wp\/v2\/types\/page"}],"author":[{"embeddable":true,"href":"https:\/\/www.salarich.net\/es\/wp-json\/wp\/v2\/users\/1"}],"replies":[{"embeddable":true,"href":"https:\/\/www.salarich.net\/es\/wp-json\/wp\/v2\/comments?post=4278"}],"version-history":[{"count":2,"href":"https:\/\/www.salarich.net\/es\/wp-json\/wp\/v2\/pages\/4278\/revisions"}],"predecessor-version":[{"id":4387,"href":"https:\/\/www.salarich.net\/es\/wp-json\/wp\/v2\/pages\/4278\/revisions\/4387"}],"wp:attachment":[{"href":"https:\/\/www.salarich.net\/es\/wp-json\/wp\/v2\/media?parent=4278"}],"curies":[{"name":"wp","href":"https:\/\/api.w.org\/{rel}","templated":true}]}}