{"id":4282,"date":"2019-04-05T10:55:09","date_gmt":"2019-04-05T10:55:09","guid":{"rendered":"https:\/\/salarich.paginaswebbarcelona.es\/projectes-i-construccions\/"},"modified":"2023-04-11T10:52:30","modified_gmt":"2023-04-11T10:52:30","slug":"proyectos-y-construcciones","status":"publish","type":"page","link":"https:\/\/www.salarich.net\/es\/proyectos-y-construcciones\/","title":{"rendered":"Proyectos y Construcciones"},"content":{"rendered":"<div class=\"wpb-content-wrapper\"><p>[vc_row el_class=\u00bbicona-titol\u00bb][vc_column el_class=\u00bbcenter\u00bb][vc_single_image image=\u00bb54581&#8243; img_size=\u00bb110&#215;110&#8243; alignment=\u00bbcenter\u00bb]<div class=\" \">\r\n\t\r\n        <div class=\"mh-heading-wrapper\">\r\n            <h2            class=\"mh-heading  mh-heading--bottom-separator   \"\r\n            style=\"font-weight:700;\">\r\n\t\t\tTe acompa\u00f1amos en su construcci\u00f3n o reforma, desde el asesoramiento inicial hasta la ejecuci\u00f3n.        <\/h2>\r\n\r\n\t\t    <\/div>\r\n\r\n\t<\/div>[\/vc_column][\/vc_row][vc_row full_width=\u00bbstretch_row_content_no_spaces\u00bb equal_height=\u00bbyes\u00bb content_placement=\u00bbmiddle\u00bb css=\u00bb.vc_custom_1554806094731{background-color: #f2f2f2 !important;}\u00bb][vc_column width=\u00bb1\/2&#8243; css=\u00bb.vc_custom_1563879594077{padding-top: 455px !important;background-image: url(https:\/\/www.salarich.net\/wp-content\/uploads\/2019\/04\/bloc_projectes_salarich.jpg?id=3997) !important;background-position: center !important;background-repeat: no-repeat !important;background-size: cover !important;}\u00bb el_class=\u00bbmh-2-col-image\u00bb][\/vc_column][vc_column width=\u00bb1\/2&#8243; css=\u00bb.vc_custom_1554460377869{margin-bottom: 0px !important;padding-top: 20px !important;padding-right: 20px !important;padding-bottom: 20px !important;padding-left: 20px !important;}\u00bb el_class=\u00bbmh-2-col-text\u00bb]<div class=\"mh-heading-wrapper--left \">\r\n\t\r\n        <div class=\"mh-heading-wrapper\">\r\n            <h3            class=\"mh-heading  mh-heading--bottom-separator   \"\r\n            style=\"font-weight:700;\">\r\n\t\t\tBloque Proyectos        <\/h3>\r\n\r\n\t\t    <\/div>\r\n\r\n\t<\/div>[vc_column_text el_class=\u00bbmh-font-size-m\u00bb css=\u00bb.vc_custom_1556012716299{margin-bottom: 0px !important;}\u00bb]Nuestra empresa, de tradici\u00f3n familiar, desde siempre se ha dedicado al \u00e1mbito inmobiliario y esto hace que impregne de calidad, experiencia y profesionalidad los proyectos de construcci\u00f3n, promoci\u00f3n reforma y rehabilitaci\u00f3n de inmuebles en los que se implica.<\/p>\n<p>Nos adaptamos a las necesidades de cada cliente ofreci\u00e9ndole, siempre, las \u00faltimas novedades en t\u00e9rminos de innovaci\u00f3n tanto en dise\u00f1o, como en t\u00e9cnica y material.<\/p>\n<p>Nos apasiona lo que hacemos y por eso nos gusta acompa\u00f1arte en todo el proceso, desde el asesoramiento t\u00e9cnico inicial hasta la ejecuci\u00f3n efectiva de tu obra.<br \/>\n[\/vc_column_text][\/vc_column][\/vc_row][vc_row gap=\u00bb5&#8243; css=\u00bb.vc_custom_1554808183413{margin-top: 40px !important;margin-bottom: 50px !important;border-bottom-width: 1px !important;padding-bottom: 50px !important;border-bottom-color: #dbdbdb !important;border-bottom-style: solid !important;}\u00bb][vc_column width=\u00bb1\/3&#8243;][vc_single_image image=\u00bb4048&#8243; img_size=\u00bb200&#215;200&#8243; alignment=\u00bbcenter\u00bb style=\u00bbvc_box_circle\u00bb onclick=\u00bbcustom_link\u00bb link=\u00bb\/es\/reformas-integrales\/\u00bb]<div class=\"mh-heading-wrapper--left \">\r\n\t\r\n        <div class=\"mh-heading-wrapper\">\r\n            <h2            class=\"mh-heading  mh-heading--bottom-separator mh-font-size-l  \"\r\n            style=\"font-weight:700;\">\r\n\t\t\tReformas integrales        <\/h2>\r\n\r\n\t\t    <\/div>\r\n\r\n\t<\/div>[vc_column_text el_class=\u00bbmh-font-size-m\u00bb css=\u00bb.vc_custom_1556012855582{margin-bottom: 0px !important;}\u00bb]Realizamos todo tipo de reformas, tanto en viviendas como en locales comerciales, desde la m\u00e1s sencilla hasta la m\u00e1s vanguardista. Te asesoramos en los materiales y t\u00e9cnicas m\u00e1s adecuados para cada proyecto seg\u00fan sus caracter\u00edsticas.<\/p>\n<p class=\"blue\">Adaptamos cada proyecto a sus necesidades espec\u00edficas puesto que entendemos que cada cliente es \u00fanico.<\/p>\n<p>[\/vc_column_text][vc_column_text el_class=\u00bbmh-font-size-m links-blaus\u00bb css=\u00bb.vc_custom_1681209996332{margin-top: 20px !important;margin-bottom: 0px !important;}\u00bb]<a href=\"https:\/\/www.salarich.net\/es\/reformas-integrales\/\"><strong>Ver Proyectos <i class=\"fas fa-angle-right\" aria-hidden=\"true\"><\/i><\/strong><\/a>[\/vc_column_text][\/vc_column][vc_column width=\u00bb1\/3&#8243; el_class=\u00bbresponsive-margin\u00bb][vc_single_image image=\u00bb4046&#8243; img_size=\u00bb200&#215;200&#8243; alignment=\u00bbcenter\u00bb style=\u00bbvc_box_circle\u00bb onclick=\u00bbcustom_link\u00bb link=\u00bb\/es\/rehabilitacion-de-fachadas\/\u00bb]<div class=\"mh-heading-wrapper--left \">\r\n\t\r\n        <div class=\"mh-heading-wrapper\">\r\n            <h2            class=\"mh-heading  mh-heading--bottom-separator mh-font-size-l  \"\r\n            style=\"font-weight:700;\">\r\n\t\t\tRehabilitaci\u00f3n de fachadas        <\/h2>\r\n\r\n\t\t    <\/div>\r\n\r\n\t<\/div>[vc_column_text el_class=\u00bbmh-font-size-m\u00bb css=\u00bb.vc_custom_1556012771440{margin-bottom: 0px !important;}\u00bb]Nos encargamos de la rehabilitaci\u00f3n de todo tipo de fachadas, edificios, escaleras y cubiertas. Asumimos todas las etapas del proceso tanto del proyecto como de la ejecuci\u00f3n de la obra; ambos desde su proyecci\u00f3n hasta su finalizaci\u00f3n.<\/p>\n<p class=\"blue\">Somos especialistas en reformas para la comunidad de vecinos.<\/p>\n<p>[\/vc_column_text][vc_column_text el_class=\u00bbmh-font-size-m links-blaus\u00bb css=\u00bb.vc_custom_1681209953453{margin-top: 20px !important;margin-bottom: 0px !important;}\u00bb]<a href=\"https:\/\/www.salarich.net\/es\/rehabilitacion-de-fachadas\/\"><strong>Ver Proyectos <i class=\"fas fa-angle-right\" aria-hidden=\"true\"><\/i><\/strong><\/a>[\/vc_column_text][\/vc_column][vc_column width=\u00bb1\/3&#8243;][vc_single_image image=\u00bb4399&#8243; img_size=\u00bb200&#215;200&#8243; alignment=\u00bbcenter\u00bb style=\u00bbvc_box_circle\u00bb]<div class=\"mh-heading-wrapper--left \">\r\n\t\r\n        <div class=\"mh-heading-wrapper\">\r\n            <h2            class=\"mh-heading  mh-heading--bottom-separator mh-font-size-l  \"\r\n            style=\"font-weight:700;\">\r\n\t\t\tConstrucci\u00f3n y obra        <\/h2>\r\n\r\n\t\t    <\/div>\r\n\r\n\t<\/div>[vc_column_text el_class=\u00bbmh-font-size-m\u00bb css=\u00bb.vc_custom_1556012789221{margin-bottom: 0px !important;}\u00bb]Nuestras obras est\u00e1n dirigidas por aparejadores especializados en construcci\u00f3n. Ellos son los encargados de la supervisi\u00f3n de la obra y del cumplimiento de los criterios de calidad.<\/p>\n<p class=\"blue\">Contamos con profesionales especializados en todos los procesos de obra.<\/p>\n<p>[\/vc_column_text][\/vc_column][\/vc_row][vc_row gap=\u00bb5&#8243; css=\u00bb.vc_custom_1554808203362{margin-bottom: 40px !important;padding-top: 0px !important;}\u00bb][vc_column width=\u00bb1\/3&#8243; css=\u00bb.vc_custom_1554807099661{padding-top: 0px !important;}\u00bb][vc_single_image image=\u00bb41593&#8243; img_size=\u00bb250X74&#8243;][\/vc_column][vc_column width=\u00bb1\/3&#8243; css=\u00bb.vc_custom_1554808269721{margin-bottom: 30px !important;padding-top: 0px !important;}\u00bb][vc_column_text el_class=\u00bbmh-font-size-m blue-icons links-blaus\u00bb css=\u00bb.vc_custom_1556206418160{margin-bottom: 0px !important;}\u00bb]<\/p>\n<div class=\"projectes-contact\">\n<h6>Contacta con nosotros<\/h6>\n<ul>\n<li><i class=\"flaticon-phone\"><\/i> (+34) 932 108 797<\/li>\n<li><a href=\"mailto:info@blocprojectes.com\"><i class=\"flaticon-mail-2\"><\/i> info@blocprojectes.com <\/a><\/li>\n<\/ul>\n<\/div>\n<p>[\/vc_column_text][\/vc_column][vc_column width=\u00bb1\/3&#8243; css=\u00bb.vc_custom_1554807103831{padding-top: 0px !important;}\u00bb][\/vc_column][\/vc_row]<\/p>\n<\/div>","protected":false},"excerpt":{"rendered":"<p>[vc_row el_class=\u00bbicona-titol\u00bb][vc_column el_class=\u00bbcenter\u00bb][vc_single_image image=\u00bb54581&#8243; img_size=\u00bb110&#215;110&#8243; alignment=\u00bbcenter\u00bb][\/vc_column][\/vc_row][vc_row full_width=\u00bbstretch_row_content_no_spaces\u00bb equal_height=\u00bbyes\u00bb content_placement=\u00bbmiddle\u00bb css=\u00bb.vc_custom_1554806094731{background-color: #f2f2f2 !important;}\u00bb][vc_column width=\u00bb1\/2&#8243; css=\u00bb.vc_custom_1563879594077{padding-top: 455px !important;background-image: url(https:\/\/www.salarich.net\/wp-content\/uploads\/2019\/04\/bloc_projectes_salarich.jpg?id=3997) !important;background-position: center !important;background-repeat: no-repeat !important;background-size: cover !important;}\u00bb el_class=\u00bbmh-2-col-image\u00bb][\/vc_column][vc_column width=\u00bb1\/2&#8243; css=\u00bb.vc_custom_1554460377869{margin-bottom: 0px !important;padding-top: 20px !important;padding-right: 20px !important;padding-bottom: 20px !important;padding-left: 20px !important;}\u00bb el_class=\u00bbmh-2-col-text\u00bb][vc_column_text el_class=\u00bbmh-font-size-m\u00bb css=\u00bb.vc_custom_1556012716299{margin-bottom: 0px !important;}\u00bb]Nuestra empresa, de tradici\u00f3n familiar, desde siempre se ha dedicado al \u00e1mbito inmobiliario y [&hellip;]<\/p>\n","protected":false},"author":1,"featured_media":0,"parent":0,"menu_order":0,"comment_status":"closed","ping_status":"closed","template":"page_full-width-with-top-title.php","meta":{"_acf_changed":false,"footnotes":""},"class_list":["post-4282","page","type-page","status-publish","hentry"],"acf":[],"yoast_head":"<!-- This site is optimized with the Yoast SEO plugin v23.1 - https:\/\/yoast.com\/wordpress\/plugins\/seo\/ -->\n<title>Salarich | Proyectos y construcciones<\/title>\n<meta name=\"description\" content=\"Constructora Inmobiliaria. Reformas de viviendas, rehabilitaci\u00f3n de fachadas y construcci\u00f3n de edificios.\" \/>\n<meta name=\"robots\" content=\"index, follow, max-snippet:-1, max-image-preview:large, max-video-preview:-1\" \/>\n<link rel=\"canonical\" href=\"https:\/\/www.salarich.net\/es\/proyectos-y-construcciones\/\" \/>\n<meta name=\"twitter:label1\" content=\"Tiempo de lectura\" \/>\n\t<meta name=\"twitter:data1\" content=\"3 minutos\" \/>\n<script type=\"application\/ld+json\" class=\"yoast-schema-graph\">{\"@context\":\"https:\/\/schema.org\",\"@graph\":[{\"@type\":\"WebPage\",\"@id\":\"https:\/\/www.salarich.net\/es\/proyectos-y-construcciones\/\",\"url\":\"https:\/\/www.salarich.net\/es\/proyectos-y-construcciones\/\",\"name\":\"Salarich | Proyectos y construcciones\",\"isPartOf\":{\"@id\":\"https:\/\/www.salarich.net\/#website\"},\"datePublished\":\"2019-04-05T10:55:09+00:00\",\"dateModified\":\"2023-04-11T10:52:30+00:00\",\"description\":\"Constructora Inmobiliaria. Reformas de viviendas, rehabilitaci\u00f3n de fachadas y construcci\u00f3n de edificios.\",\"breadcrumb\":{\"@id\":\"https:\/\/www.salarich.net\/es\/proyectos-y-construcciones\/#breadcrumb\"},\"inLanguage\":\"es\",\"potentialAction\":[{\"@type\":\"ReadAction\",\"target\":[\"https:\/\/www.salarich.net\/es\/proyectos-y-construcciones\/\"]}]},{\"@type\":\"BreadcrumbList\",\"@id\":\"https:\/\/www.salarich.net\/es\/proyectos-y-construcciones\/#breadcrumb\",\"itemListElement\":[{\"@type\":\"ListItem\",\"position\":1,\"name\":\"Portada\",\"item\":\"https:\/\/www.salarich.net\/es\/\"},{\"@type\":\"ListItem\",\"position\":2,\"name\":\"Proyectos y Construcciones\"}]},{\"@type\":\"WebSite\",\"@id\":\"https:\/\/www.salarich.net\/#website\",\"url\":\"https:\/\/www.salarich.net\/\",\"name\":\"Salarich\",\"description\":\"\",\"publisher\":{\"@id\":\"https:\/\/www.salarich.net\/#organization\"},\"potentialAction\":[{\"@type\":\"SearchAction\",\"target\":{\"@type\":\"EntryPoint\",\"urlTemplate\":\"https:\/\/www.salarich.net\/?s={search_term_string}\"},\"query-input\":\"required name=search_term_string\"}],\"inLanguage\":\"es\"},{\"@type\":\"Organization\",\"@id\":\"https:\/\/www.salarich.net\/#organization\",\"name\":\"Salarich - Serveis Immobiliaris\",\"url\":\"https:\/\/www.salarich.net\/\",\"logo\":{\"@type\":\"ImageObject\",\"inLanguage\":\"es\",\"@id\":\"https:\/\/www.salarich.net\/#\/schema\/logo\/image\/\",\"url\":\"\",\"contentUrl\":\"\",\"caption\":\"Salarich - Serveis Immobiliaris\"},\"image\":{\"@id\":\"https:\/\/www.salarich.net\/#\/schema\/logo\/image\/\"}}]}<\/script>\n<!-- \/ Yoast SEO plugin. -->","yoast_head_json":{"title":"Salarich | Proyectos y construcciones","description":"Constructora Inmobiliaria. Reformas de viviendas, rehabilitaci\u00f3n de fachadas y construcci\u00f3n de edificios.","robots":{"index":"index","follow":"follow","max-snippet":"max-snippet:-1","max-image-preview":"max-image-preview:large","max-video-preview":"max-video-preview:-1"},"canonical":"https:\/\/www.salarich.net\/es\/proyectos-y-construcciones\/","twitter_misc":{"Tiempo de lectura":"3 minutos"},"schema":{"@context":"https:\/\/schema.org","@graph":[{"@type":"WebPage","@id":"https:\/\/www.salarich.net\/es\/proyectos-y-construcciones\/","url":"https:\/\/www.salarich.net\/es\/proyectos-y-construcciones\/","name":"Salarich | Proyectos y construcciones","isPartOf":{"@id":"https:\/\/www.salarich.net\/#website"},"datePublished":"2019-04-05T10:55:09+00:00","dateModified":"2023-04-11T10:52:30+00:00","description":"Constructora Inmobiliaria. Reformas de viviendas, rehabilitaci\u00f3n de fachadas y construcci\u00f3n de edificios.","breadcrumb":{"@id":"https:\/\/www.salarich.net\/es\/proyectos-y-construcciones\/#breadcrumb"},"inLanguage":"es","potentialAction":[{"@type":"ReadAction","target":["https:\/\/www.salarich.net\/es\/proyectos-y-construcciones\/"]}]},{"@type":"BreadcrumbList","@id":"https:\/\/www.salarich.net\/es\/proyectos-y-construcciones\/#breadcrumb","itemListElement":[{"@type":"ListItem","position":1,"name":"Portada","item":"https:\/\/www.salarich.net\/es\/"},{"@type":"ListItem","position":2,"name":"Proyectos y Construcciones"}]},{"@type":"WebSite","@id":"https:\/\/www.salarich.net\/#website","url":"https:\/\/www.salarich.net\/","name":"Salarich","description":"","publisher":{"@id":"https:\/\/www.salarich.net\/#organization"},"potentialAction":[{"@type":"SearchAction","target":{"@type":"EntryPoint","urlTemplate":"https:\/\/www.salarich.net\/?s={search_term_string}"},"query-input":"required name=search_term_string"}],"inLanguage":"es"},{"@type":"Organization","@id":"https:\/\/www.salarich.net\/#organization","name":"Salarich - Serveis Immobiliaris","url":"https:\/\/www.salarich.net\/","logo":{"@type":"ImageObject","inLanguage":"es","@id":"https:\/\/www.salarich.net\/#\/schema\/logo\/image\/","url":"","contentUrl":"","caption":"Salarich - Serveis Immobiliaris"},"image":{"@id":"https:\/\/www.salarich.net\/#\/schema\/logo\/image\/"}}]}},"_links":{"self":[{"href":"https:\/\/www.salarich.net\/es\/wp-json\/wp\/v2\/pages\/4282"}],"collection":[{"href":"https:\/\/www.salarich.net\/es\/wp-json\/wp\/v2\/pages"}],"about":[{"href":"https:\/\/www.salarich.net\/es\/wp-json\/wp\/v2\/types\/page"}],"author":[{"embeddable":true,"href":"https:\/\/www.salarich.net\/es\/wp-json\/wp\/v2\/users\/1"}],"replies":[{"embeddable":true,"href":"https:\/\/www.salarich.net\/es\/wp-json\/wp\/v2\/comments?post=4282"}],"version-history":[{"count":24,"href":"https:\/\/www.salarich.net\/es\/wp-json\/wp\/v2\/pages\/4282\/revisions"}],"predecessor-version":[{"id":54825,"href":"https:\/\/www.salarich.net\/es\/wp-json\/wp\/v2\/pages\/4282\/revisions\/54825"}],"wp:attachment":[{"href":"https:\/\/www.salarich.net\/es\/wp-json\/wp\/v2\/media?parent=4282"}],"curies":[{"name":"wp","href":"https:\/\/api.w.org\/{rel}","templated":true}]}}