{"id":4285,"date":"2019-04-05T10:53:58","date_gmt":"2019-04-05T10:53:58","guid":{"rendered":"https:\/\/salarich.paginaswebbarcelona.es\/gestio-immobiliaria\/"},"modified":"2023-03-08T08:23:48","modified_gmt":"2023-03-08T08:23:48","slug":"gestion-inmobiliaria","status":"publish","type":"page","link":"https:\/\/www.salarich.net\/es\/gestion-inmobiliaria\/","title":{"rendered":"Gesti\u00f3n Inmobiliaria"},"content":{"rendered":"<div class=\"wpb-content-wrapper\"><p>[vc_row el_class=\u00bbicona-titol\u00bb][vc_column el_class=\u00bbcenter\u00bb][vc_single_image image=\u00bb54582&#8243; img_size=\u00bb110&#215;110&#8243; alignment=\u00bbcenter\u00bb]<div class=\" \">\r\n\t\r\n        <div class=\"mh-heading-wrapper\">\r\n            <h2            class=\"mh-heading  mh-heading--bottom-separator   \"\r\n            style=\"font-weight:700;\">\r\n\t\t\tNos encargamos de administrar tu patrimonio y te asesoramos para que obtenga un mejor rendimiento        <\/h2>\r\n\r\n\t\t    <\/div>\r\n\r\n\t<\/div>[\/vc_column][\/vc_row][vc_row full_width=\u00bbstretch_row\u00bb equal_height=\u00bbyes\u00bb content_placement=\u00bbmiddle\u00bb css=\u00bb.vc_custom_1554463433057{background-color: #f2f2f2 !important;}\u00bb][vc_column width=\u00bb5\/12&#8243; css=\u00bb.vc_custom_1554803742798{margin-bottom: 0px !important;padding-top: 0px !important;}\u00bb][vc_single_image image=\u00bb3976&#8243; img_size=\u00bb250&#215;250&#8243; alignment=\u00bbcenter\u00bb style=\u00bbvc_box_circle\u00bb css=\u00bb.vc_custom_1556095806981{margin-bottom: 0px !important;}\u00bb el_class=\u00bbcircle-image\u00bb][\/vc_column][vc_column width=\u00bb7\/12&#8243; css=\u00bb.vc_custom_1554460377869{margin-bottom: 0px !important;padding-top: 20px !important;padding-right: 20px !important;padding-bottom: 20px !important;padding-left: 20px !important;}\u00bb el_class=\u00bbmh-2-col-text\u00bb]<div class=\"mh-heading-wrapper--left \">\r\n\t\r\n        <div class=\"mh-heading-wrapper\">\r\n            <h3            class=\"mh-heading  mh-heading--bottom-separator   \"\r\n            style=\"font-weight:700;\">\r\n\t\t\tAlquileres        <\/h3>\r\n\r\n\t\t    <\/div>\r\n\r\n\t<\/div>[vc_column_text el_class=\u00bbmh-font-size-m\u00bb css=\u00bb.vc_custom_1556095556342{margin-bottom: 0px !important;}\u00bb]Te asesoramos sobre los precios de los pisos y la situaci\u00f3n del mercado, las mejores condiciones de alquiler y los tr\u00e1mites de contrataci\u00f3n. Te mantenemos informado sobre las llamadas y visitas recibidas en tu piso. Estudiamos la solvencia de las personas interesadas por tener las m\u00e1ximas garant\u00edas y negociamos las condiciones para cada contrato con el apoyo de nuestro departamento jur\u00eddico.<\/p>\n<p>Durante la vigencia del alquiler, gestionamos directamente las incidencias que puedan surgir para las que disponemos de una cartera de t\u00e9cnicos calificados y de confianza que ponemos a tu servicio. Por posibles situaciones de morosidad, disponemos de un equipo de abogados especializados.[\/vc_column_text][\/vc_column][\/vc_row][vc_row full_width=\u00bbstretch_row\u00bb equal_height=\u00bbyes\u00bb content_placement=\u00bbmiddle\u00bb bg_type=\u00bbbg_color\u00bb css=\u00bb.vc_custom_1667988951135{background-color: #f2f2f2 !important;}\u00bb bg_color_value=\u00bb#ffffff\u00bb][vc_column width=\u00bb5\/12&#8243; css=\u00bb.vc_custom_1554803742798{margin-bottom: 0px !important;padding-top: 0px !important;}\u00bb][vc_single_image image=\u00bb3973&#8243; img_size=\u00bb250&#215;250&#8243; alignment=\u00bbcenter\u00bb style=\u00bbvc_box_circle\u00bb css=\u00bb.vc_custom_1667982852676{margin-bottom: 0px !important;}\u00bb el_class=\u00bbcircle-image\u00bb][\/vc_column][vc_column width=\u00bb7\/12&#8243; css=\u00bb.vc_custom_1554460377869{margin-bottom: 0px !important;padding-top: 20px !important;padding-right: 20px !important;padding-bottom: 20px !important;padding-left: 20px !important;}\u00bb el_class=\u00bbmh-2-col-text\u00bb]<div class=\"mh-heading-wrapper--left \">\r\n\t\r\n        <div class=\"mh-heading-wrapper\">\r\n            <h3            class=\"mh-heading  mh-heading--bottom-separator   \"\r\n            style=\"font-weight:700;\">\r\n\t\t\tVenta        <\/h3>\r\n\r\n\t\t    <\/div>\r\n\r\n\t<\/div>[vc_column_text el_class=\u00bbmh-font-size-m\u00bb css=\u00bb.vc_custom_1667982757372{margin-bottom: 0px !important;}\u00bb]Te aconsejamos sobre el precio \u00f3ptimo que puedes obtener de la venta de tu vivienda o local justificado mediante una tasaci\u00f3n elaborada por nuestros comerciales expertos en el sector, gestionamos la publicidad, publicando el anuncio de su vivienda en los principales portales inmobiliarios, as\u00ed como en nuestra p\u00e1gina web y redes sociales. Nos encargamos de gestionar y formalizar la documentaci\u00f3n necesaria para la compraventa: documento de arras, contratos privados y escrituras p\u00fablicas, siempre con el apoyo de nuestro equipo jur\u00eddico, y tramitamos c\u00e9dulas de habitabilidad, certificado energ\u00e9tico y plusval\u00eda municipal.<\/p>\n<p>Te mantendremos informado de todos los pasos a seguir y te acompa\u00f1aremos en todo el proceso hasta la firma de la compraventa en notar\u00eda.[\/vc_column_text][\/vc_column][\/vc_row][vc_row full_width=\u00bbstretch_row\u00bb equal_height=\u00bbyes\u00bb content_placement=\u00bbmiddle\u00bb bg_type=\u00bbbg_color\u00bb bg_color_value=\u00bb#f2f2f2&#8243;][vc_column width=\u00bb5\/12&#8243; css=\u00bb.vc_custom_1554803760638{margin-bottom: 0px !important;padding-top: 0px !important;}\u00bb][vc_single_image image=\u00bb3982&#8243; img_size=\u00bb250&#215;250&#8243; alignment=\u00bbcenter\u00bb style=\u00bbvc_box_circle\u00bb css=\u00bb.vc_custom_1556095761260{margin-bottom: 0px !important;}\u00bb el_class=\u00bbcircle-image\u00bb][\/vc_column][vc_column width=\u00bb7\/12&#8243; css=\u00bb.vc_custom_1554460377869{margin-bottom: 0px !important;padding-top: 20px !important;padding-right: 20px !important;padding-bottom: 20px !important;padding-left: 20px !important;}\u00bb el_class=\u00bbmh-2-col-text\u00bb]<div class=\"mh-heading-wrapper--left \">\r\n\t\r\n        <div class=\"mh-heading-wrapper\">\r\n            <h3            class=\"mh-heading  mh-heading--bottom-separator   \"\r\n            style=\"font-weight:700;\">\r\n\t\t\tGesti\u00f3n de Patrimonios Inmobiliarios        <\/h3>\r\n\r\n\t\t    <\/div>\r\n\r\n\t<\/div>[vc_column_text el_class=\u00bbmh-font-size-m\u00bb css=\u00bb.vc_custom_1556012477693{margin-bottom: 0px !important;}\u00bb]Te asesoramos sobre c\u00f3mo sacar el m\u00e1ximo rendimiento de tu patrimonio y sobre las mejores opciones para ampliarlo, teniendo en cuenta criterios de fiscalidad y oportunidad del mercado.<\/p>\n<p>Nos enorgullece haber contribuido al crecimiento del patrimonio de nuestros clientes, algunos de los cuales hace tres generaciones que conf\u00edan en nosotros.<br \/>\n[\/vc_column_text][\/vc_column][\/vc_row][vc_row full_width=\u00bbstretch_row\u00bb equal_height=\u00bbyes\u00bb content_placement=\u00bbmiddle\u00bb bg_type=\u00bbbg_color\u00bb css=\u00bb.vc_custom_1667989006627{background-color: #f2f2f2 !important;}\u00bb bg_color_value=\u00bb#ffffff\u00bb][vc_column width=\u00bb5\/12&#8243; css=\u00bb.vc_custom_1554803765357{margin-bottom: 0px !important;padding-top: 0px !important;}\u00bb][vc_single_image image=\u00bb3980&#8243; img_size=\u00bb250&#215;250&#8243; alignment=\u00bbcenter\u00bb style=\u00bbvc_box_circle\u00bb css=\u00bb.vc_custom_1556095777140{margin-bottom: 0px !important;}\u00bb el_class=\u00bbcircle-image\u00bb][\/vc_column][vc_column width=\u00bb7\/12&#8243; css=\u00bb.vc_custom_1554463682635{margin-bottom: 0px !important;padding-top: 20px !important;padding-right: 20px !important;padding-bottom: 20px !important;padding-left: 20px !important;}\u00bb el_class=\u00bbmh-2-col-text button-blue\u00bb]<div class=\"mh-heading-wrapper--left \">\r\n\t\r\n        <div class=\"mh-heading-wrapper\">\r\n            <h3            class=\"mh-heading  mh-heading--bottom-separator   \"\r\n            style=\"font-weight:700;\">\r\n\t\t\tComunidad de Propietarios        <\/h3>\r\n\r\n\t\t    <\/div>\r\n\r\n\t<\/div>[vc_column_text el_class=\u00bbmh-font-size-m\u00bb css=\u00bb.vc_custom_1556012503934{margin-bottom: 50px !important;}\u00bb]Acompa\u00f1amos a las comunidades de propietarios para garantizar su \u00f3ptimo funcionamiento a trav\u00e9s de una completa oferta de servicios: diligencia de libros de actas, procesamiento de datos econ\u00f3micos, atenci\u00f3n y control de los pagos y cobros de la comunidad, preparaci\u00f3n y direcci\u00f3n de presupuestos y liquidaciones, elaboraci\u00f3n de las actas y ejecuci\u00f3n de los acuerdos.<\/p>\n<p>Asignamos a una persona de nuestro equipo, gestor y abogado, como persona de referencia para la comunidad, la cual est\u00e1 en permanente contacto con el presidente y la junta. Hace seguimiento de los acuerdos tomados, resuelve las incidencias y asesora a la comunidad para mejorar su gesti\u00f3n econ\u00f3mica. [\/vc_column_text]<div style=\"text-align:left;\"\r\n\t class=\"\">\r\n\t<a href=\"https:\/\/www.salarich.net\/es\/contacto\/\"\r\n\t   class=\"mdl-button mdl-js-button mdl-button--raised mdl-button--primary mdl-button--lg\"\r\n\t   title=\"CONTACTA CON NOSOTROS\"\r\n\t   target=\"_self\"\r\n\t>\r\n\t\tCONTACTA CON NOSOTROS\t<\/a>\r\n<\/div>[\/vc_column][\/vc_row][vc_row full_width=\u00bbstretch_row_content_no_spaces\u00bb equal_height=\u00bbyes\u00bb content_placement=\u00bbmiddle\u00bb css=\u00bb.vc_custom_1554463882567{background-color: #004f71 !important;}\u00bb][vc_column width=\u00bb1\/2&#8243; css=\u00bb.vc_custom_1554463868134{padding-top: 0px !important;}\u00bb el_class=\u00bbmh-2-col-text white\u00bb]<div class=\"mh-heading-wrapper--left \">\r\n\t\r\n        <div class=\"mh-heading-wrapper\">\r\n            <h3            class=\"mh-heading mh-color-white mh-heading--bottom-separator   \"\r\n            style=\"font-weight:700;\">\r\n\t\t\tDepartamento Jur\u00eddico        <\/h3>\r\n\r\n\t\t    <\/div>\r\n\r\n\t<\/div>[vc_column_text el_class=\u00bbmh-font-size-m\u00bb]En nuestro departamento jur\u00eddico contamos con los mejores expertos para asesorarte y defender tus intereses en cualquier proceso de \u00e1mbito inmobiliario (arrendamientos, comunidades, etc.) tanto ante Tribunales de Justicia, como Administraciones P\u00fablicas u otros organismos particulares.<\/p>\n<p>Nuestros expertos tributarios estudian tu fiscalidad y gestionan tus declaraciones de impuestos como el IRPF, el Impuesto de Sociedad, el IVA, el Impuesto de Sucesiones y Transmisiones Patrimoniales, etc.<\/p>\n<p>Tambi\u00e9n contamos con especialistas en materia de sucesiones para asesorarte y planificar la estrategia m\u00e1s conveniente seg\u00fan las particularidades de tu caso.<br \/>\n[\/vc_column_text][\/vc_column][vc_column width=\u00bb1\/2&#8243; css=\u00bb.vc_custom_1563879502584{padding-top: 455px !important;background-image: url(https:\/\/www.salarich.net\/wp-content\/uploads\/2019\/04\/departament_juridic_salarich.jpg?id=3985) !important;background-position: center !important;background-repeat: no-repeat !important;background-size: cover !important;}\u00bb el_class=\u00bbmh-2-col-image\u00bb][\/vc_column][\/vc_row]<\/p>\n<\/div>","protected":false},"excerpt":{"rendered":"<p>[vc_row el_class=\u00bbicona-titol\u00bb][vc_column el_class=\u00bbcenter\u00bb][vc_single_image image=\u00bb54582&#8243; img_size=\u00bb110&#215;110&#8243; alignment=\u00bbcenter\u00bb][\/vc_column][\/vc_row][vc_row full_width=\u00bbstretch_row\u00bb equal_height=\u00bbyes\u00bb content_placement=\u00bbmiddle\u00bb css=\u00bb.vc_custom_1554463433057{background-color: #f2f2f2 !important;}\u00bb][vc_column width=\u00bb5\/12&#8243; css=\u00bb.vc_custom_1554803742798{margin-bottom: 0px !important;padding-top: 0px !important;}\u00bb][vc_single_image image=\u00bb3976&#8243; img_size=\u00bb250&#215;250&#8243; alignment=\u00bbcenter\u00bb style=\u00bbvc_box_circle\u00bb css=\u00bb.vc_custom_1556095806981{margin-bottom: 0px !important;}\u00bb el_class=\u00bbcircle-image\u00bb][\/vc_column][vc_column width=\u00bb7\/12&#8243; css=\u00bb.vc_custom_1554460377869{margin-bottom: 0px !important;padding-top: 20px !important;padding-right: 20px !important;padding-bottom: 20px !important;padding-left: 20px !important;}\u00bb el_class=\u00bbmh-2-col-text\u00bb][vc_column_text el_class=\u00bbmh-font-size-m\u00bb css=\u00bb.vc_custom_1556095556342{margin-bottom: 0px !important;}\u00bb]Te asesoramos sobre los precios de los pisos y la situaci\u00f3n del mercado, [&hellip;]<\/p>\n","protected":false},"author":1,"featured_media":0,"parent":0,"menu_order":0,"comment_status":"closed","ping_status":"closed","template":"page_full-width-with-top-title.php","meta":{"_acf_changed":false,"footnotes":""},"class_list":["post-4285","page","type-page","status-publish","hentry"],"acf":[],"yoast_head":"<!-- This site is optimized with the Yoast SEO plugin v23.1 - https:\/\/yoast.com\/wordpress\/plugins\/seo\/ -->\n<title>Salarich | Gesti\u00f3n Inmobiliaria<\/title>\n<meta name=\"description\" content=\"Gesti\u00f3n de alquileres, gesti\u00f3n de patrimonios, gesti\u00f3n de comunidades de propietarios y departamento jur\u00eddico.\" \/>\n<meta name=\"robots\" content=\"index, follow, max-snippet:-1, max-image-preview:large, max-video-preview:-1\" \/>\n<link rel=\"canonical\" href=\"https:\/\/www.salarich.net\/es\/gestion-inmobiliaria\/\" \/>\n<meta name=\"twitter:label1\" content=\"Tiempo de lectura\" \/>\n\t<meta name=\"twitter:data1\" content=\"5 minutos\" \/>\n<script type=\"application\/ld+json\" class=\"yoast-schema-graph\">{\"@context\":\"https:\/\/schema.org\",\"@graph\":[{\"@type\":\"WebPage\",\"@id\":\"https:\/\/www.salarich.net\/es\/gestion-inmobiliaria\/\",\"url\":\"https:\/\/www.salarich.net\/es\/gestion-inmobiliaria\/\",\"name\":\"Salarich | Gesti\u00f3n Inmobiliaria\",\"isPartOf\":{\"@id\":\"https:\/\/www.salarich.net\/#website\"},\"datePublished\":\"2019-04-05T10:53:58+00:00\",\"dateModified\":\"2023-03-08T08:23:48+00:00\",\"description\":\"Gesti\u00f3n de alquileres, gesti\u00f3n de patrimonios, gesti\u00f3n de comunidades de propietarios y departamento jur\u00eddico.\",\"breadcrumb\":{\"@id\":\"https:\/\/www.salarich.net\/es\/gestion-inmobiliaria\/#breadcrumb\"},\"inLanguage\":\"es\",\"potentialAction\":[{\"@type\":\"ReadAction\",\"target\":[\"https:\/\/www.salarich.net\/es\/gestion-inmobiliaria\/\"]}]},{\"@type\":\"BreadcrumbList\",\"@id\":\"https:\/\/www.salarich.net\/es\/gestion-inmobiliaria\/#breadcrumb\",\"itemListElement\":[{\"@type\":\"ListItem\",\"position\":1,\"name\":\"Portada\",\"item\":\"https:\/\/www.salarich.net\/es\/\"},{\"@type\":\"ListItem\",\"position\":2,\"name\":\"Gesti\u00f3n Inmobiliaria\"}]},{\"@type\":\"WebSite\",\"@id\":\"https:\/\/www.salarich.net\/#website\",\"url\":\"https:\/\/www.salarich.net\/\",\"name\":\"Salarich\",\"description\":\"\",\"publisher\":{\"@id\":\"https:\/\/www.salarich.net\/#organization\"},\"potentialAction\":[{\"@type\":\"SearchAction\",\"target\":{\"@type\":\"EntryPoint\",\"urlTemplate\":\"https:\/\/www.salarich.net\/?s={search_term_string}\"},\"query-input\":\"required name=search_term_string\"}],\"inLanguage\":\"es\"},{\"@type\":\"Organization\",\"@id\":\"https:\/\/www.salarich.net\/#organization\",\"name\":\"Salarich - Serveis Immobiliaris\",\"url\":\"https:\/\/www.salarich.net\/\",\"logo\":{\"@type\":\"ImageObject\",\"inLanguage\":\"es\",\"@id\":\"https:\/\/www.salarich.net\/#\/schema\/logo\/image\/\",\"url\":\"\",\"contentUrl\":\"\",\"caption\":\"Salarich - Serveis Immobiliaris\"},\"image\":{\"@id\":\"https:\/\/www.salarich.net\/#\/schema\/logo\/image\/\"}}]}<\/script>\n<!-- \/ Yoast SEO plugin. -->","yoast_head_json":{"title":"Salarich | Gesti\u00f3n Inmobiliaria","description":"Gesti\u00f3n de alquileres, gesti\u00f3n de patrimonios, gesti\u00f3n de comunidades de propietarios y departamento jur\u00eddico.","robots":{"index":"index","follow":"follow","max-snippet":"max-snippet:-1","max-image-preview":"max-image-preview:large","max-video-preview":"max-video-preview:-1"},"canonical":"https:\/\/www.salarich.net\/es\/gestion-inmobiliaria\/","twitter_misc":{"Tiempo de lectura":"5 minutos"},"schema":{"@context":"https:\/\/schema.org","@graph":[{"@type":"WebPage","@id":"https:\/\/www.salarich.net\/es\/gestion-inmobiliaria\/","url":"https:\/\/www.salarich.net\/es\/gestion-inmobiliaria\/","name":"Salarich | Gesti\u00f3n Inmobiliaria","isPartOf":{"@id":"https:\/\/www.salarich.net\/#website"},"datePublished":"2019-04-05T10:53:58+00:00","dateModified":"2023-03-08T08:23:48+00:00","description":"Gesti\u00f3n de alquileres, gesti\u00f3n de patrimonios, gesti\u00f3n de comunidades de propietarios y departamento jur\u00eddico.","breadcrumb":{"@id":"https:\/\/www.salarich.net\/es\/gestion-inmobiliaria\/#breadcrumb"},"inLanguage":"es","potentialAction":[{"@type":"ReadAction","target":["https:\/\/www.salarich.net\/es\/gestion-inmobiliaria\/"]}]},{"@type":"BreadcrumbList","@id":"https:\/\/www.salarich.net\/es\/gestion-inmobiliaria\/#breadcrumb","itemListElement":[{"@type":"ListItem","position":1,"name":"Portada","item":"https:\/\/www.salarich.net\/es\/"},{"@type":"ListItem","position":2,"name":"Gesti\u00f3n Inmobiliaria"}]},{"@type":"WebSite","@id":"https:\/\/www.salarich.net\/#website","url":"https:\/\/www.salarich.net\/","name":"Salarich","description":"","publisher":{"@id":"https:\/\/www.salarich.net\/#organization"},"potentialAction":[{"@type":"SearchAction","target":{"@type":"EntryPoint","urlTemplate":"https:\/\/www.salarich.net\/?s={search_term_string}"},"query-input":"required name=search_term_string"}],"inLanguage":"es"},{"@type":"Organization","@id":"https:\/\/www.salarich.net\/#organization","name":"Salarich - Serveis Immobiliaris","url":"https:\/\/www.salarich.net\/","logo":{"@type":"ImageObject","inLanguage":"es","@id":"https:\/\/www.salarich.net\/#\/schema\/logo\/image\/","url":"","contentUrl":"","caption":"Salarich - Serveis Immobiliaris"},"image":{"@id":"https:\/\/www.salarich.net\/#\/schema\/logo\/image\/"}}]}},"_links":{"self":[{"href":"https:\/\/www.salarich.net\/es\/wp-json\/wp\/v2\/pages\/4285"}],"collection":[{"href":"https:\/\/www.salarich.net\/es\/wp-json\/wp\/v2\/pages"}],"about":[{"href":"https:\/\/www.salarich.net\/es\/wp-json\/wp\/v2\/types\/page"}],"author":[{"embeddable":true,"href":"https:\/\/www.salarich.net\/es\/wp-json\/wp\/v2\/users\/1"}],"replies":[{"embeddable":true,"href":"https:\/\/www.salarich.net\/es\/wp-json\/wp\/v2\/comments?post=4285"}],"version-history":[{"count":27,"href":"https:\/\/www.salarich.net\/es\/wp-json\/wp\/v2\/pages\/4285\/revisions"}],"predecessor-version":[{"id":54614,"href":"https:\/\/www.salarich.net\/es\/wp-json\/wp\/v2\/pages\/4285\/revisions\/54614"}],"wp:attachment":[{"href":"https:\/\/www.salarich.net\/es\/wp-json\/wp\/v2\/media?parent=4285"}],"curies":[{"name":"wp","href":"https:\/\/api.w.org\/{rel}","templated":true}]}}