{"id":4287,"date":"2018-06-21T15:20:03","date_gmt":"2018-06-21T15:20:03","guid":{"rendered":"https:\/\/salarich.paginaswebbarcelona.es\/nosaltres\/"},"modified":"2023-03-06T15:36:35","modified_gmt":"2023-03-06T15:36:35","slug":"nosotros","status":"publish","type":"page","link":"https:\/\/www.salarich.net\/es\/nosotros\/","title":{"rendered":"Nosotros"},"content":{"rendered":"<div class=\"wpb-content-wrapper\"><p>[vc_row el_class=\u00bbicona-titol\u00bb][vc_column el_class=\u00bbcenter\u00bb][vc_single_image image=\u00bb54586&#8243; img_size=\u00bb110&#215;110&#8243; alignment=\u00bbcenter\u00bb]<div class=\" \">\r\n\t\r\n        <div class=\"mh-heading-wrapper\">\r\n            <h2            class=\"mh-heading  mh-heading--bottom-separator   \"\r\n            style=\"font-weight:700;\">\r\n\t\t\tSomos una empresa familiar dedicada a la administraci\u00f3n de fincas y a la gesti\u00f3n inmobiliaria. Nuestro valor es tu confianza        <\/h2>\r\n\r\n\t\t    <\/div>\r\n\r\n\t<\/div>[vc_video link=\u00bbhttps:\/\/www.youtube.com\/watch?v=Papvg26MzWc\u00bb][\/vc_column][\/vc_row][vc_row full_width=\u00bbstretch_row_content_no_spaces\u00bb equal_height=\u00bbyes\u00bb content_placement=\u00bbmiddle\u00bb css=\u00bb.vc_custom_1554462153563{background-color: #f2f2f2 !important;}\u00bb][vc_column width=\u00bb1\/2&#8243; css=\u00bb.vc_custom_1563879386082{padding-top: 455px !important;background-image: url(https:\/\/www.salarich.net\/wp-content\/uploads\/2019\/04\/nosaltres01_salarich.jpg?id=3966) !important;background-position: center !important;background-repeat: no-repeat !important;background-size: cover !important;}\u00bb el_class=\u00bbmh-2-col-image\u00bb][\/vc_column][vc_column width=\u00bb1\/2&#8243; css=\u00bb.vc_custom_1554460377869{margin-bottom: 0px !important;padding-top: 20px !important;padding-right: 20px !important;padding-bottom: 20px !important;padding-left: 20px !important;}\u00bb el_class=\u00bbmh-2-col-text\u00bb][vc_column_text el_class=\u00bbmh-font-size-m\u00bb css=\u00bb.vc_custom_1556804137824{margin-bottom: 0px !important;}\u00bb]En Salarich Administraci\u00f3n hace casi 70 a\u00f1os que trabajamos para ofrecer a nuestros clientes el mejor servicio en el \u00e1mbito de la administraci\u00f3n de fincas y la gesti\u00f3n de patrimonios inmobiliarios. Somos una empresa familiar con tres generaciones de historia, hecho que nos ha permitido mantener nuestros valores inalterables a lo largo del tiempo.<\/p>\n<p>El trato personal, la confianza y la defensa de los intereses de nuestros clientes como propios, son los valores que nos enorgullece haber mantenido intactos en nuestra historia. Han estado, siempre, el sello de nuestra empresa, y queremos que lo sigan siendo. [\/vc_column_text][\/vc_column][\/vc_row][vc_row full_width=\u00bbstretch_row_content_no_spaces\u00bb equal_height=\u00bbyes\u00bb content_placement=\u00bbmiddle\u00bb css=\u00bb.vc_custom_1554459010539{background-color: #004f71 !important;}\u00bb][vc_column width=\u00bb1\/2&#8243; css=\u00bb.vc_custom_1554460481480{padding: 20px !important;}\u00bb el_class=\u00bbmh-2-col-text button-white\u00bb][vc_column_text el_class=\u00bbmh-font-size-m white\u00bb]A pesar del paso del tiempo, la empresa se ha mantenido joven, adapt\u00e1ndose a las nuevas tecnolog\u00edas y procesos de gesti\u00f3n de manera natural, con la integraci\u00f3n de las nuevas generaciones de la familia a la direcci\u00f3n de la compa\u00f1\u00eda.<\/p>\n<p>De este modo, el negocio se ha ido adaptando a las nuevas necesidades del mercado y de nuestros clientes. [\/vc_column_text]<div style=\"text-align:left;\"\r\n\t class=\"\">\r\n\t<a href=\"https:\/\/www.salarich.net\/es\/contacto\/\"\r\n\t   class=\"mdl-button mdl-js-button mdl-button--raised mdl-button--primary mdl-button--lg\"\r\n\t   title=\"CONTACTA CON NOSOTROS\"\r\n\t   target=\"_self\"\r\n\t>\r\n\t\tCONTACTA CON NOSOTROS\t<\/a>\r\n<\/div>[\/vc_column][vc_column width=\u00bb1\/2&#8243; css=\u00bb.vc_custom_1678116976439{padding-top: 455px !important;background-image: url(https:\/\/www.salarich.net\/wp-content\/uploads\/2023\/03\/nosaltres02_salarich.jpg?id=54592) !important;background-position: center !important;background-repeat: no-repeat !important;background-size: cover !important;}\u00bb el_class=\u00bbmh-2-col-image\u00bb][\/vc_column][\/vc_row]<\/p>\n<\/div>","protected":false},"excerpt":{"rendered":"<p>[vc_row el_class=\u00bbicona-titol\u00bb][vc_column el_class=\u00bbcenter\u00bb][vc_single_image image=\u00bb54586&#8243; img_size=\u00bb110&#215;110&#8243; alignment=\u00bbcenter\u00bb][vc_video link=\u00bbhttps:\/\/www.youtube.com\/watch?v=Papvg26MzWc\u00bb][\/vc_column][\/vc_row][vc_row full_width=\u00bbstretch_row_content_no_spaces\u00bb equal_height=\u00bbyes\u00bb content_placement=\u00bbmiddle\u00bb css=\u00bb.vc_custom_1554462153563{background-color: #f2f2f2 !important;}\u00bb][vc_column width=\u00bb1\/2&#8243; css=\u00bb.vc_custom_1563879386082{padding-top: 455px !important;background-image: url(https:\/\/www.salarich.net\/wp-content\/uploads\/2019\/04\/nosaltres01_salarich.jpg?id=3966) !important;background-position: center !important;background-repeat: no-repeat !important;background-size: cover !important;}\u00bb el_class=\u00bbmh-2-col-image\u00bb][\/vc_column][vc_column width=\u00bb1\/2&#8243; css=\u00bb.vc_custom_1554460377869{margin-bottom: 0px !important;padding-top: 20px !important;padding-right: 20px !important;padding-bottom: 20px !important;padding-left: 20px !important;}\u00bb el_class=\u00bbmh-2-col-text\u00bb][vc_column_text el_class=\u00bbmh-font-size-m\u00bb css=\u00bb.vc_custom_1556804137824{margin-bottom: 0px !important;}\u00bb]En Salarich Administraci\u00f3n hace casi 70 a\u00f1os que trabajamos para ofrecer a nuestros [&hellip;]<\/p>\n","protected":false},"author":1,"featured_media":0,"parent":0,"menu_order":0,"comment_status":"closed","ping_status":"closed","template":"page_full-width-with-top-title.php","meta":{"_acf_changed":false,"footnotes":""},"class_list":["post-4287","page","type-page","status-publish","hentry"],"acf":[],"yoast_head":"<!-- This site is optimized with the Yoast SEO plugin v23.1 - https:\/\/yoast.com\/wordpress\/plugins\/seo\/ -->\n<title>Salarich | Sobre nosotros<\/title>\n<meta name=\"description\" content=\"Servicios inmobiliarios en Barcelona. M\u00e1s de 70 a\u00f1os de experiencia asesorando y gestionando el patrimonio de nuestros clientes.\" \/>\n<meta name=\"robots\" content=\"index, follow, max-snippet:-1, max-image-preview:large, max-video-preview:-1\" \/>\n<link rel=\"canonical\" href=\"https:\/\/www.salarich.net\/es\/nosotros\/\" \/>\n<meta name=\"twitter:label1\" content=\"Tiempo de lectura\" \/>\n\t<meta name=\"twitter:data1\" content=\"2 minutos\" \/>\n<script type=\"application\/ld+json\" class=\"yoast-schema-graph\">{\"@context\":\"https:\/\/schema.org\",\"@graph\":[{\"@type\":\"WebPage\",\"@id\":\"https:\/\/www.salarich.net\/es\/nosotros\/\",\"url\":\"https:\/\/www.salarich.net\/es\/nosotros\/\",\"name\":\"Salarich | Sobre nosotros\",\"isPartOf\":{\"@id\":\"https:\/\/www.salarich.net\/#website\"},\"datePublished\":\"2018-06-21T15:20:03+00:00\",\"dateModified\":\"2023-03-06T15:36:35+00:00\",\"description\":\"Servicios inmobiliarios en Barcelona. M\u00e1s de 70 a\u00f1os de experiencia asesorando y gestionando el patrimonio de nuestros clientes.\",\"breadcrumb\":{\"@id\":\"https:\/\/www.salarich.net\/es\/nosotros\/#breadcrumb\"},\"inLanguage\":\"es\",\"potentialAction\":[{\"@type\":\"ReadAction\",\"target\":[\"https:\/\/www.salarich.net\/es\/nosotros\/\"]}]},{\"@type\":\"BreadcrumbList\",\"@id\":\"https:\/\/www.salarich.net\/es\/nosotros\/#breadcrumb\",\"itemListElement\":[{\"@type\":\"ListItem\",\"position\":1,\"name\":\"Portada\",\"item\":\"https:\/\/www.salarich.net\/es\/\"},{\"@type\":\"ListItem\",\"position\":2,\"name\":\"Nosotros\"}]},{\"@type\":\"WebSite\",\"@id\":\"https:\/\/www.salarich.net\/#website\",\"url\":\"https:\/\/www.salarich.net\/\",\"name\":\"Salarich\",\"description\":\"\",\"publisher\":{\"@id\":\"https:\/\/www.salarich.net\/#organization\"},\"potentialAction\":[{\"@type\":\"SearchAction\",\"target\":{\"@type\":\"EntryPoint\",\"urlTemplate\":\"https:\/\/www.salarich.net\/?s={search_term_string}\"},\"query-input\":\"required name=search_term_string\"}],\"inLanguage\":\"es\"},{\"@type\":\"Organization\",\"@id\":\"https:\/\/www.salarich.net\/#organization\",\"name\":\"Salarich - Serveis Immobiliaris\",\"url\":\"https:\/\/www.salarich.net\/\",\"logo\":{\"@type\":\"ImageObject\",\"inLanguage\":\"es\",\"@id\":\"https:\/\/www.salarich.net\/#\/schema\/logo\/image\/\",\"url\":\"\",\"contentUrl\":\"\",\"caption\":\"Salarich - Serveis Immobiliaris\"},\"image\":{\"@id\":\"https:\/\/www.salarich.net\/#\/schema\/logo\/image\/\"}}]}<\/script>\n<!-- \/ Yoast SEO plugin. -->","yoast_head_json":{"title":"Salarich | Sobre nosotros","description":"Servicios inmobiliarios en Barcelona. M\u00e1s de 70 a\u00f1os de experiencia asesorando y gestionando el patrimonio de nuestros clientes.","robots":{"index":"index","follow":"follow","max-snippet":"max-snippet:-1","max-image-preview":"max-image-preview:large","max-video-preview":"max-video-preview:-1"},"canonical":"https:\/\/www.salarich.net\/es\/nosotros\/","twitter_misc":{"Tiempo de lectura":"2 minutos"},"schema":{"@context":"https:\/\/schema.org","@graph":[{"@type":"WebPage","@id":"https:\/\/www.salarich.net\/es\/nosotros\/","url":"https:\/\/www.salarich.net\/es\/nosotros\/","name":"Salarich | Sobre nosotros","isPartOf":{"@id":"https:\/\/www.salarich.net\/#website"},"datePublished":"2018-06-21T15:20:03+00:00","dateModified":"2023-03-06T15:36:35+00:00","description":"Servicios inmobiliarios en Barcelona. M\u00e1s de 70 a\u00f1os de experiencia asesorando y gestionando el patrimonio de nuestros clientes.","breadcrumb":{"@id":"https:\/\/www.salarich.net\/es\/nosotros\/#breadcrumb"},"inLanguage":"es","potentialAction":[{"@type":"ReadAction","target":["https:\/\/www.salarich.net\/es\/nosotros\/"]}]},{"@type":"BreadcrumbList","@id":"https:\/\/www.salarich.net\/es\/nosotros\/#breadcrumb","itemListElement":[{"@type":"ListItem","position":1,"name":"Portada","item":"https:\/\/www.salarich.net\/es\/"},{"@type":"ListItem","position":2,"name":"Nosotros"}]},{"@type":"WebSite","@id":"https:\/\/www.salarich.net\/#website","url":"https:\/\/www.salarich.net\/","name":"Salarich","description":"","publisher":{"@id":"https:\/\/www.salarich.net\/#organization"},"potentialAction":[{"@type":"SearchAction","target":{"@type":"EntryPoint","urlTemplate":"https:\/\/www.salarich.net\/?s={search_term_string}"},"query-input":"required name=search_term_string"}],"inLanguage":"es"},{"@type":"Organization","@id":"https:\/\/www.salarich.net\/#organization","name":"Salarich - Serveis Immobiliaris","url":"https:\/\/www.salarich.net\/","logo":{"@type":"ImageObject","inLanguage":"es","@id":"https:\/\/www.salarich.net\/#\/schema\/logo\/image\/","url":"","contentUrl":"","caption":"Salarich - Serveis Immobiliaris"},"image":{"@id":"https:\/\/www.salarich.net\/#\/schema\/logo\/image\/"}}]}},"_links":{"self":[{"href":"https:\/\/www.salarich.net\/es\/wp-json\/wp\/v2\/pages\/4287"}],"collection":[{"href":"https:\/\/www.salarich.net\/es\/wp-json\/wp\/v2\/pages"}],"about":[{"href":"https:\/\/www.salarich.net\/es\/wp-json\/wp\/v2\/types\/page"}],"author":[{"embeddable":true,"href":"https:\/\/www.salarich.net\/es\/wp-json\/wp\/v2\/users\/1"}],"replies":[{"embeddable":true,"href":"https:\/\/www.salarich.net\/es\/wp-json\/wp\/v2\/comments?post=4287"}],"version-history":[{"count":9,"href":"https:\/\/www.salarich.net\/es\/wp-json\/wp\/v2\/pages\/4287\/revisions"}],"predecessor-version":[{"id":54594,"href":"https:\/\/www.salarich.net\/es\/wp-json\/wp\/v2\/pages\/4287\/revisions\/54594"}],"wp:attachment":[{"href":"https:\/\/www.salarich.net\/es\/wp-json\/wp\/v2\/media?parent=4287"}],"curies":[{"name":"wp","href":"https:\/\/api.w.org\/{rel}","templated":true}]}}