{"id":4291,"date":"2017-05-05T10:50:45","date_gmt":"2017-05-05T10:50:45","guid":{"rendered":"https:\/\/salarich.paginaswebbarcelona.es\/contacte\/"},"modified":"2023-03-08T08:18:53","modified_gmt":"2023-03-08T08:18:53","slug":"contacto","status":"publish","type":"page","link":"https:\/\/www.salarich.net\/es\/contacto\/","title":{"rendered":"Contacto"},"content":{"rendered":"<div class=\"wpb-content-wrapper\"><p>[vc_row full_width=\u00bbstretch_row\u00bb equal_height=\u00bbyes\u00bb css=\u00bb.vc_custom_1554802953232{margin-bottom: 48px !important;}\u00bb][vc_column width=\u00bb2\/6&#8243; css=\u00bb.vc_custom_1494336662073{padding-right: 24px !important;}\u00bb]<div class=\"mh-heading-wrapper--left \">\r\n\t\r\n        <div class=\"mh-heading-wrapper\">\r\n            <h2            class=\"mh-heading  mh-heading--bottom-separator mh-font-size-l  \"\r\n            style=\"font-weight:700;\">\r\n\t\t\tFormulario de contacto        <\/h2>\r\n\r\n\t\t    <\/div>\r\n\r\n\t<\/div>\n<div class=\"wpcf7 no-js\" id=\"wpcf7-f4344-o1\" lang=\"en-US\" dir=\"ltr\">\n<div class=\"screen-reader-response\"><p role=\"status\" aria-live=\"polite\" aria-atomic=\"true\"><\/p> <ul><\/ul><\/div>\n<form action=\"\/es\/wp-json\/wp\/v2\/pages\/4291#wpcf7-f4344-o1\" method=\"post\" class=\"wpcf7-form init\" aria-label=\"Contact form\" novalidate=\"novalidate\" data-status=\"init\">\n<div style=\"display: none;\">\n<input type=\"hidden\" name=\"_wpcf7\" value=\"4344\" \/>\n<input type=\"hidden\" name=\"_wpcf7_version\" value=\"5.9.8\" \/>\n<input type=\"hidden\" name=\"_wpcf7_locale\" value=\"en_US\" \/>\n<input type=\"hidden\" name=\"_wpcf7_unit_tag\" value=\"wpcf7-f4344-o1\" \/>\n<input type=\"hidden\" name=\"_wpcf7_container_post\" value=\"0\" \/>\n<input type=\"hidden\" name=\"_wpcf7_posted_data_hash\" value=\"\" \/>\n<input type=\"hidden\" name=\"_wpcf7_recaptcha_response\" value=\"\" \/>\n<\/div>\n<p><label><span class=\"wpcf7-form-control-wrap\" data-name=\"your-name\"><input size=\"40\" maxlength=\"400\" class=\"wpcf7-form-control wpcf7-text wpcf7-validates-as-required\" aria-required=\"true\" aria-invalid=\"false\" placeholder=\"Nombre*\" value=\"\" type=\"text\" name=\"your-name\" \/><\/span><\/label><label><span class=\"wpcf7-form-control-wrap\" data-name=\"your-email\"><input size=\"40\" maxlength=\"400\" class=\"wpcf7-form-control wpcf7-email wpcf7-validates-as-required wpcf7-text wpcf7-validates-as-email\" aria-required=\"true\" aria-invalid=\"false\" placeholder=\"Email*\" value=\"\" type=\"email\" name=\"your-email\" \/><\/span><\/label><label><span class=\"wpcf7-form-control-wrap\" data-name=\"tel-480\"><input size=\"40\" maxlength=\"400\" class=\"wpcf7-form-control wpcf7-tel wpcf7-validates-as-required wpcf7-text wpcf7-validates-as-tel\" aria-required=\"true\" aria-invalid=\"false\" placeholder=\"Tel\u00e9fono*\" value=\"\" type=\"tel\" name=\"tel-480\" \/><\/span><\/label><label><span class=\"wpcf7-form-control-wrap\" data-name=\"your-message\"><textarea cols=\"40\" rows=\"10\" maxlength=\"2000\" class=\"wpcf7-form-control wpcf7-textarea\" aria-invalid=\"false\" placeholder=\"Mensaje\" name=\"your-message\"><\/textarea><\/span> <\/label>\n<\/p>\n<div class=\"vc_col-sm-12\">\n\t<p><span class=\"wpcf7-form-control-wrap\" data-name=\"acceptance-7\"><span class=\"wpcf7-form-control wpcf7-acceptance\"><span class=\"wpcf7-list-item\"><label><input type=\"checkbox\" name=\"acceptance-7\" value=\"1\" aria-invalid=\"false\" \/><span class=\"wpcf7-list-item-label\">\u00a0He le\u00eddo y acepto la <a href=\"\/es\/politica-de-privacidad\" target=\"_blank\">pol\u00edtica de privacidad<\/a>.<\/span><\/label><\/span><\/span><\/span>\n\t<\/p>\n<\/div>\n<p><input class=\"wpcf7-form-control wpcf7-submit has-spinner\" type=\"submit\" value=\"ENVIAR\" \/>\n<\/p><p style=\"display: none !important;\" class=\"akismet-fields-container\" data-prefix=\"_wpcf7_ak_\"><label>&#916;<textarea name=\"_wpcf7_ak_hp_textarea\" cols=\"45\" rows=\"8\" maxlength=\"100\"><\/textarea><\/label><input type=\"hidden\" id=\"ak_js_1\" name=\"_wpcf7_ak_js\" value=\"90\"\/><script>document.getElementById( \"ak_js_1\" ).setAttribute( \"value\", ( new Date() ).getTime() );<\/script><\/p><div class=\"wpcf7-response-output\" aria-hidden=\"true\"><\/div>\n<\/form>\n<\/div>\n[\/vc_column][vc_column width=\u00bb4\/6&#8243; css=\u00bb.vc_custom_1554802716705{padding-right: 24px !important;padding-left: 24px !important;background-color: #f4f4f4 !important;}\u00bb el_class=\u00bbcontact-text\u00bb][vc_column_text]Si tienes alguna consulta o necesitas informaci\u00f3n, no dudes en ponerte en contacto con nosotros a trav\u00e9s del formulario o vis\u00edtanos a nuestras oficinas. Estaremos encantados de asesorarte.<br \/>\n[\/vc_column_text][vc_row_inner][vc_column_inner el_class=\u00bbcontact-text\u00bb width=\u00bb1\/2&#8243;][vc_column_text]<\/p>\n<h4>Oficina<\/h4>\n<p class=\"blue\">Direcci\u00f3n: Encarnaci\u00f3n 67, 08024 Barcelona<br \/>\nTel: (+34) 932 840 009<br \/>\nMail: <a href=\"mailto:administracion@salarich.net\">administracion@salarich.net<\/a><br \/>\nInstagram: <a href=\"https:\/\/www.instagram.com\/salarich.immobiliaria\/\" target=\"_blank\" rel=\"noopener noreferrer\">salarich.immobiliaria<\/a><\/p>\n<h4>Horario<\/h4>\n<p><strong>De lunes a jueves<\/strong><br \/>\n9:00-14:00<br \/>\n15:30-18:30<br \/>\n<strong>Viernes<\/strong><br \/>\n9:00-14:00[\/vc_column_text][\/vc_column_inner][vc_column_inner el_class=\u00bbcontact-text\u00bb width=\u00bb1\/2&#8243;][vc_column_text]<\/p>\n<h4>Contacto Comercial<\/h4>\n<p class=\"blue\">Tel: (+34) 932 108 770<br \/>\nMail: <a href=\"mailto:comercial@salarich.net\">comercial@salarich.net<\/a><\/p>\n<h4>Horario<\/h4>\n<p><strong>De lunes a jueves<\/strong><br \/>\n9:00-14:00<br \/>\n15:30-18:30<br \/>\n<strong>Viernes<\/strong><br \/>\n9:00-14:00[\/vc_column_text][\/vc_column_inner][\/vc_row_inner][\/vc_column][\/vc_row][vc_row full_width=\u00bbstretch_row_content_no_spaces\u00bb css=\u00bb.vc_custom_1556038391646{margin-top: 30px !important;}\u00bb][vc_column el_class=\u00bbmap-1&#8243;]<div class=\" \">\r\n\t\r\n        <div class=\"mh-heading-wrapper\">\r\n            <h2            class=\"mh-heading  mh-heading--bottom-separator mh-font-size-l  \"\r\n            style=\"font-weight:400;\">\r\n\t\t\tOficina        <\/h2>\r\n\r\n\t\t    <\/div>\r\n\r\n\t<\/div>[vc_gmaps link=\u00bb#E-8_JTNDaWZyYW1lJTIwc3JjJTNEJTIyaHR0cHMlM0ElMkYlMkZ3d3cuZ29vZ2xlLmNvbSUyRm1hcHMlMkZlbWJlZCUzRnBiJTNEJTIxMW0xOCUyMTFtMTIlMjExbTMlMjExZDI5OTIuNDg4NTQ1ODEwMjY0JTIxMmQyLjE1ODU1ODU1MTg4NjAzMjYlMjEzZDQxLjQwNjkxMjM3OTE2MDU2JTIxMm0zJTIxMWYwJTIxMmYwJTIxM2YwJTIxM20yJTIxMWkxMDI0JTIxMmk3NjglMjE0ZjEzLjElMjEzbTMlMjExbTIlMjExczB4MTJhNGEyYjk0NmM3NDFhZCUyNTNBMHgxZTQwNjFjMDFiN2U4ZTE0JTIxMnNDYXJyZXIlMkJkZSUyQmwlMjdFbmNhcm5hY2klMjVDMyUyNUIzJTI1MkMlMkI2NyUyNTJDJTJCMDgwMjQlMkJCYXJjZWxvbmElMjE1ZTAlMjEzbTIlMjExc2VzLTQxOSUyMTJzZXMlMjE0djE1NTYwMTMxNDcxMzglMjE1bTIlMjExc2VzLTQxOSUyMTJzZXMlMjIlMjB3aWR0aCUzRCUyMjYwMCUyMiUyMGhlaWdodCUzRCUyMjQ1MCUyMiUyMGZyYW1lYm9yZGVyJTNEJTIyMCUyMiUyMHN0eWxlJTNEJTIyYm9yZGVyJTNBMCUyMiUyMGFsbG93ZnVsbHNjcmVlbiUzRCUyMiUyMiUzRSUzQyUyRmlmcmFtZSUzRQ==\u00bb css=\u00bb.vc_custom_1556013155771{margin-top: 0px !important;margin-right: 0px !important;margin-bottom: 0px !important;margin-left: 0px !important;border-top-width: 0px !important;border-right-width: 0px !important;border-bottom-width: 0px !important;border-left-width: 0px !important;padding-top: 0px !important;padding-right: 0px !important;padding-bottom: 0px !important;padding-left: 0px !important;}\u00bb][\/vc_column][\/vc_row]<\/p>\n<\/div>","protected":false},"excerpt":{"rendered":"<p>[vc_row full_width=\u00bbstretch_row\u00bb equal_height=\u00bbyes\u00bb css=\u00bb.vc_custom_1554802953232{margin-bottom: 48px !important;}\u00bb][vc_column width=\u00bb2\/6&#8243; css=\u00bb.vc_custom_1494336662073{padding-right: 24px !important;}\u00bb][\/vc_column][vc_column width=\u00bb4\/6&#8243; css=\u00bb.vc_custom_1554802716705{padding-right: 24px !important;padding-left: 24px !important;background-color: #f4f4f4 !important;}\u00bb el_class=\u00bbcontact-text\u00bb][vc_column_text]Si tienes alguna consulta o necesitas informaci\u00f3n, no dudes en ponerte en contacto con nosotros a trav\u00e9s del formulario o vis\u00edtanos a nuestras oficinas. Estaremos encantados de asesorarte. [\/vc_column_text][vc_row_inner][vc_column_inner el_class=\u00bbcontact-text\u00bb width=\u00bb1\/2&#8243;][vc_column_text] Oficina Direcci\u00f3n: Encarnaci\u00f3n 67, 08024 Barcelona [&hellip;]<\/p>\n","protected":false},"author":1,"featured_media":0,"parent":0,"menu_order":0,"comment_status":"closed","ping_status":"closed","template":"page_full-width-with-top-title.php","meta":{"_acf_changed":false,"footnotes":""},"class_list":["post-4291","page","type-page","status-publish","hentry"],"acf":[],"yoast_head":"<!-- This site is optimized with the Yoast SEO plugin v23.1 - https:\/\/yoast.com\/wordpress\/plugins\/seo\/ -->\n<title>Salarich | Contacto<\/title>\n<meta name=\"description\" content=\"Servicios Inmobiliarios en Barcelona. Oficina en Gracia\" \/>\n<meta name=\"robots\" content=\"index, follow, max-snippet:-1, max-image-preview:large, max-video-preview:-1\" \/>\n<link rel=\"canonical\" href=\"https:\/\/www.salarich.net\/es\/contacto\/\" \/>\n<meta name=\"twitter:label1\" content=\"Tiempo de lectura\" \/>\n\t<meta name=\"twitter:data1\" content=\"1 minuto\" \/>\n<script type=\"application\/ld+json\" class=\"yoast-schema-graph\">{\"@context\":\"https:\/\/schema.org\",\"@graph\":[{\"@type\":\"WebPage\",\"@id\":\"https:\/\/www.salarich.net\/es\/contacto\/\",\"url\":\"https:\/\/www.salarich.net\/es\/contacto\/\",\"name\":\"Salarich | Contacto\",\"isPartOf\":{\"@id\":\"https:\/\/www.salarich.net\/#website\"},\"datePublished\":\"2017-05-05T10:50:45+00:00\",\"dateModified\":\"2023-03-08T08:18:53+00:00\",\"description\":\"Servicios Inmobiliarios en Barcelona. Oficina en Gracia\",\"breadcrumb\":{\"@id\":\"https:\/\/www.salarich.net\/es\/contacto\/#breadcrumb\"},\"inLanguage\":\"es\",\"potentialAction\":[{\"@type\":\"ReadAction\",\"target\":[\"https:\/\/www.salarich.net\/es\/contacto\/\"]}]},{\"@type\":\"BreadcrumbList\",\"@id\":\"https:\/\/www.salarich.net\/es\/contacto\/#breadcrumb\",\"itemListElement\":[{\"@type\":\"ListItem\",\"position\":1,\"name\":\"Portada\",\"item\":\"https:\/\/www.salarich.net\/es\/\"},{\"@type\":\"ListItem\",\"position\":2,\"name\":\"Contacto\"}]},{\"@type\":\"WebSite\",\"@id\":\"https:\/\/www.salarich.net\/#website\",\"url\":\"https:\/\/www.salarich.net\/\",\"name\":\"Salarich\",\"description\":\"\",\"publisher\":{\"@id\":\"https:\/\/www.salarich.net\/#organization\"},\"potentialAction\":[{\"@type\":\"SearchAction\",\"target\":{\"@type\":\"EntryPoint\",\"urlTemplate\":\"https:\/\/www.salarich.net\/?s={search_term_string}\"},\"query-input\":\"required name=search_term_string\"}],\"inLanguage\":\"es\"},{\"@type\":\"Organization\",\"@id\":\"https:\/\/www.salarich.net\/#organization\",\"name\":\"Salarich - Serveis Immobiliaris\",\"url\":\"https:\/\/www.salarich.net\/\",\"logo\":{\"@type\":\"ImageObject\",\"inLanguage\":\"es\",\"@id\":\"https:\/\/www.salarich.net\/#\/schema\/logo\/image\/\",\"url\":\"\",\"contentUrl\":\"\",\"caption\":\"Salarich - Serveis Immobiliaris\"},\"image\":{\"@id\":\"https:\/\/www.salarich.net\/#\/schema\/logo\/image\/\"}}]}<\/script>\n<!-- \/ Yoast SEO plugin. -->","yoast_head_json":{"title":"Salarich | Contacto","description":"Servicios Inmobiliarios en Barcelona. Oficina en Gracia","robots":{"index":"index","follow":"follow","max-snippet":"max-snippet:-1","max-image-preview":"max-image-preview:large","max-video-preview":"max-video-preview:-1"},"canonical":"https:\/\/www.salarich.net\/es\/contacto\/","twitter_misc":{"Tiempo de lectura":"1 minuto"},"schema":{"@context":"https:\/\/schema.org","@graph":[{"@type":"WebPage","@id":"https:\/\/www.salarich.net\/es\/contacto\/","url":"https:\/\/www.salarich.net\/es\/contacto\/","name":"Salarich | Contacto","isPartOf":{"@id":"https:\/\/www.salarich.net\/#website"},"datePublished":"2017-05-05T10:50:45+00:00","dateModified":"2023-03-08T08:18:53+00:00","description":"Servicios Inmobiliarios en Barcelona. Oficina en Gracia","breadcrumb":{"@id":"https:\/\/www.salarich.net\/es\/contacto\/#breadcrumb"},"inLanguage":"es","potentialAction":[{"@type":"ReadAction","target":["https:\/\/www.salarich.net\/es\/contacto\/"]}]},{"@type":"BreadcrumbList","@id":"https:\/\/www.salarich.net\/es\/contacto\/#breadcrumb","itemListElement":[{"@type":"ListItem","position":1,"name":"Portada","item":"https:\/\/www.salarich.net\/es\/"},{"@type":"ListItem","position":2,"name":"Contacto"}]},{"@type":"WebSite","@id":"https:\/\/www.salarich.net\/#website","url":"https:\/\/www.salarich.net\/","name":"Salarich","description":"","publisher":{"@id":"https:\/\/www.salarich.net\/#organization"},"potentialAction":[{"@type":"SearchAction","target":{"@type":"EntryPoint","urlTemplate":"https:\/\/www.salarich.net\/?s={search_term_string}"},"query-input":"required name=search_term_string"}],"inLanguage":"es"},{"@type":"Organization","@id":"https:\/\/www.salarich.net\/#organization","name":"Salarich - Serveis Immobiliaris","url":"https:\/\/www.salarich.net\/","logo":{"@type":"ImageObject","inLanguage":"es","@id":"https:\/\/www.salarich.net\/#\/schema\/logo\/image\/","url":"","contentUrl":"","caption":"Salarich - Serveis Immobiliaris"},"image":{"@id":"https:\/\/www.salarich.net\/#\/schema\/logo\/image\/"}}]}},"_links":{"self":[{"href":"https:\/\/www.salarich.net\/es\/wp-json\/wp\/v2\/pages\/4291"}],"collection":[{"href":"https:\/\/www.salarich.net\/es\/wp-json\/wp\/v2\/pages"}],"about":[{"href":"https:\/\/www.salarich.net\/es\/wp-json\/wp\/v2\/types\/page"}],"author":[{"embeddable":true,"href":"https:\/\/www.salarich.net\/es\/wp-json\/wp\/v2\/users\/1"}],"replies":[{"embeddable":true,"href":"https:\/\/www.salarich.net\/es\/wp-json\/wp\/v2\/comments?post=4291"}],"version-history":[{"count":30,"href":"https:\/\/www.salarich.net\/es\/wp-json\/wp\/v2\/pages\/4291\/revisions"}],"predecessor-version":[{"id":54612,"href":"https:\/\/www.salarich.net\/es\/wp-json\/wp\/v2\/pages\/4291\/revisions\/54612"}],"wp:attachment":[{"href":"https:\/\/www.salarich.net\/es\/wp-json\/wp\/v2\/media?parent=4291"}],"curies":[{"name":"wp","href":"https:\/\/api.w.org\/{rel}","templated":true}]}}